{"id":217,"date":"2017-10-12T15:05:20","date_gmt":"2017-10-12T15:05:20","guid":{"rendered":"http:\/\/localhost\/Antares\/onze-kamers\/"},"modified":"2017-10-30T10:59:00","modified_gmt":"2017-10-30T10:59:00","slug":"unsere-zimmer","status":"publish","type":"page","link":"https:\/\/www.antares-logies.be\/de\/unsere-zimmer\/","title":{"rendered":"R\u00e4ume"},"content":{"rendered":"<ul>\n<li>\n<div>Gro\u00dfz\u00fcgige, moderne Zimmer mit komfortablen Betten und samtweichen Federbetten.<\/div>\n<\/li>\n<li>\n<div>Jedes Zimmer ist mit Fernseher und Breitband-Internetanschluss ausgestattet.<\/div>\n<\/li>\n<li>\n<div>Ein befreundeter K\u00fcnstler hat jedem Zimmer eine ganz pers\u00f6nliche Note verliehen.<\/div>\n<\/li>\n<li>\n<div>Eigenes Badezimmer mit ebenerdiger Dusche, WC und Waschbecken.<\/div>\n<\/li>\n<li>\n<div>Haartrockner ist vorhanden.<\/div>\n<\/li>\n<li>\n<div>Alle Zimmer sind Nichtraucherzimmer.<\/div>\n<\/li>\n<li>\n<div>Haustiere sind nicht erlaubt.<\/div>\n<\/li>\n<li>\n<div>Nicht behindertengerecht eingerichtet.<\/div>\n<\/li>\n<\/ul>\n","protected":false},"excerpt":{"rendered":"<p>Gro\u00dfz\u00fcgige, moderne Zimmer mit komfortablen Betten und samtweichen Federbetten. Jedes Zimmer ist mit Fernseher und Breitband-Internetanschluss ausgestattet. Ein befreundeter K\u00fcnstler hat jedem Zimmer eine ganz pers\u00f6nliche Note verliehen. Eigenes Badezimmer mit ebenerdiger Dusche, WC und Waschbecken. Haartrockner ist vorhanden. Alle Zimmer sind Nichtraucherzimmer. Haustiere sind nicht erlaubt. Nicht behindertengerecht eingerichtet.<\/p>\n","protected":false},"author":1,"featured_media":0,"parent":0,"menu_order":0,"comment_status":"closed","ping_status":"closed","template":"page-kamers.php","meta":{"_acf_changed":false,"footnotes":""},"class_list":["post-217","page","type-page","status-publish","hentry"],"acf":[],"yoast_head":"<!-- This site is optimized with the Yoast SEO plugin v27.4 - https:\/\/yoast.com\/product\/yoast-seo-wordpress\/ -->\n<title>R\u00e4ume - Bed &amp; Breakfast Antares<\/title>\n<meta name=\"robots\" content=\"index, follow, max-snippet:-1, max-image-preview:large, max-video-preview:-1\" \/>\n<link rel=\"canonical\" href=\"https:\/\/www.antares-logies.be\/de\/unsere-zimmer\/\" \/>\n<meta property=\"og:locale\" content=\"de_DE\" \/>\n<meta property=\"og:type\" content=\"article\" \/>\n<meta property=\"og:title\" content=\"R\u00e4ume - Bed &amp; Breakfast Antares\" \/>\n<meta property=\"og:description\" content=\"Gro\u00dfz\u00fcgige, moderne Zimmer mit komfortablen Betten und samtweichen Federbetten. Jedes Zimmer ist mit Fernseher und Breitband-Internetanschluss ausgestattet. Ein befreundeter K\u00fcnstler hat jedem Zimmer eine ganz pers\u00f6nliche Note verliehen. Eigenes Badezimmer mit ebenerdiger Dusche, WC und Waschbecken. Haartrockner ist vorhanden. Alle Zimmer sind Nichtraucherzimmer. Haustiere sind nicht erlaubt. Nicht behindertengerecht eingerichtet.\" \/>\n<meta property=\"og:url\" content=\"https:\/\/www.antares-logies.be\/de\/unsere-zimmer\/\" \/>\n<meta property=\"og:site_name\" content=\"Bed &amp; Breakfast Antares\" \/>\n<meta property=\"article:modified_time\" content=\"2017-10-30T10:59:00+00:00\" \/>\n<meta name=\"twitter:card\" content=\"summary_large_image\" \/>\n<script type=\"application\/ld+json\" class=\"yoast-schema-graph\">{\"@context\":\"https:\\\/\\\/schema.org\",\"@graph\":[{\"@type\":\"WebPage\",\"@id\":\"https:\\\/\\\/www.antares-logies.be\\\/de\\\/unsere-zimmer\\\/\",\"url\":\"https:\\\/\\\/www.antares-logies.be\\\/de\\\/unsere-zimmer\\\/\",\"name\":\"R\u00e4ume - Bed &amp; Breakfast Antares\",\"isPartOf\":{\"@id\":\"https:\\\/\\\/www.antares-logies.be\\\/#website\"},\"datePublished\":\"2017-10-12T15:05:20+00:00\",\"dateModified\":\"2017-10-30T10:59:00+00:00\",\"breadcrumb\":{\"@id\":\"https:\\\/\\\/www.antares-logies.be\\\/de\\\/unsere-zimmer\\\/#breadcrumb\"},\"inLanguage\":\"de\",\"potentialAction\":[{\"@type\":\"ReadAction\",\"target\":[\"https:\\\/\\\/www.antares-logies.be\\\/de\\\/unsere-zimmer\\\/\"]}]},{\"@type\":\"BreadcrumbList\",\"@id\":\"https:\\\/\\\/www.antares-logies.be\\\/de\\\/unsere-zimmer\\\/#breadcrumb\",\"itemListElement\":[{\"@type\":\"ListItem\",\"position\":1,\"name\":\"Home\",\"item\":\"https:\\\/\\\/www.antares-logies.be\\\/de\\\/\"},{\"@type\":\"ListItem\",\"position\":2,\"name\":\"R\u00e4ume\"}]},{\"@type\":\"WebSite\",\"@id\":\"https:\\\/\\\/www.antares-logies.be\\\/#website\",\"url\":\"https:\\\/\\\/www.antares-logies.be\\\/\",\"name\":\"Bed &amp; Breakfast Antares\",\"description\":\"Antares logies, een parel in Brugge\",\"potentialAction\":[{\"@type\":\"SearchAction\",\"target\":{\"@type\":\"EntryPoint\",\"urlTemplate\":\"https:\\\/\\\/www.antares-logies.be\\\/?s={search_term_string}\"},\"query-input\":{\"@type\":\"PropertyValueSpecification\",\"valueRequired\":true,\"valueName\":\"search_term_string\"}}],\"inLanguage\":\"de\"}]}<\/script>\n<!-- \/ Yoast SEO plugin. -->","yoast_head_json":{"title":"R\u00e4ume - Bed &amp; Breakfast Antares","robots":{"index":"index","follow":"follow","max-snippet":"max-snippet:-1","max-image-preview":"max-image-preview:large","max-video-preview":"max-video-preview:-1"},"canonical":"https:\/\/www.antares-logies.be\/de\/unsere-zimmer\/","og_locale":"de_DE","og_type":"article","og_title":"R\u00e4ume - Bed &amp; Breakfast Antares","og_description":"Gro\u00dfz\u00fcgige, moderne Zimmer mit komfortablen Betten und samtweichen Federbetten. Jedes Zimmer ist mit Fernseher und Breitband-Internetanschluss ausgestattet. Ein befreundeter K\u00fcnstler hat jedem Zimmer eine ganz pers\u00f6nliche Note verliehen. Eigenes Badezimmer mit ebenerdiger Dusche, WC und Waschbecken. Haartrockner ist vorhanden. Alle Zimmer sind Nichtraucherzimmer. Haustiere sind nicht erlaubt. Nicht behindertengerecht eingerichtet.","og_url":"https:\/\/www.antares-logies.be\/de\/unsere-zimmer\/","og_site_name":"Bed &amp; Breakfast Antares","article_modified_time":"2017-10-30T10:59:00+00:00","twitter_card":"summary_large_image","schema":{"@context":"https:\/\/schema.org","@graph":[{"@type":"WebPage","@id":"https:\/\/www.antares-logies.be\/de\/unsere-zimmer\/","url":"https:\/\/www.antares-logies.be\/de\/unsere-zimmer\/","name":"R\u00e4ume - Bed &amp; Breakfast Antares","isPartOf":{"@id":"https:\/\/www.antares-logies.be\/#website"},"datePublished":"2017-10-12T15:05:20+00:00","dateModified":"2017-10-30T10:59:00+00:00","breadcrumb":{"@id":"https:\/\/www.antares-logies.be\/de\/unsere-zimmer\/#breadcrumb"},"inLanguage":"de","potentialAction":[{"@type":"ReadAction","target":["https:\/\/www.antares-logies.be\/de\/unsere-zimmer\/"]}]},{"@type":"BreadcrumbList","@id":"https:\/\/www.antares-logies.be\/de\/unsere-zimmer\/#breadcrumb","itemListElement":[{"@type":"ListItem","position":1,"name":"Home","item":"https:\/\/www.antares-logies.be\/de\/"},{"@type":"ListItem","position":2,"name":"R\u00e4ume"}]},{"@type":"WebSite","@id":"https:\/\/www.antares-logies.be\/#website","url":"https:\/\/www.antares-logies.be\/","name":"Bed &amp; Breakfast Antares","description":"Antares logies, een parel in Brugge","potentialAction":[{"@type":"SearchAction","target":{"@type":"EntryPoint","urlTemplate":"https:\/\/www.antares-logies.be\/?s={search_term_string}"},"query-input":{"@type":"PropertyValueSpecification","valueRequired":true,"valueName":"search_term_string"}}],"inLanguage":"de"}]}},"_links":{"self":[{"href":"https:\/\/www.antares-logies.be\/de\/wp-json\/wp\/v2\/pages\/217","targetHints":{"allow":["GET"]}}],"collection":[{"href":"https:\/\/www.antares-logies.be\/de\/wp-json\/wp\/v2\/pages"}],"about":[{"href":"https:\/\/www.antares-logies.be\/de\/wp-json\/wp\/v2\/types\/page"}],"author":[{"embeddable":true,"href":"https:\/\/www.antares-logies.be\/de\/wp-json\/wp\/v2\/users\/1"}],"replies":[{"embeddable":true,"href":"https:\/\/www.antares-logies.be\/de\/wp-json\/wp\/v2\/comments?post=217"}],"version-history":[{"count":5,"href":"https:\/\/www.antares-logies.be\/de\/wp-json\/wp\/v2\/pages\/217\/revisions"}],"predecessor-version":[{"id":887,"href":"https:\/\/www.antares-logies.be\/de\/wp-json\/wp\/v2\/pages\/217\/revisions\/887"}],"wp:attachment":[{"href":"https:\/\/www.antares-logies.be\/de\/wp-json\/wp\/v2\/media?parent=217"}],"curies":[{"name":"wp","href":"https:\/\/api.w.org\/{rel}","templated":true}]}}